{"id":71,"date":"2024-08-18T15:11:45","date_gmt":"2024-08-18T13:11:45","guid":{"rendered":"https:\/\/ubytkoudedka.cz\/?page_id=71"},"modified":"2024-08-18T16:05:32","modified_gmt":"2024-08-18T14:05:32","slug":"o-nas-2","status":"publish","type":"page","link":"https:\/\/ubytkoudedka.cz\/?page_id=71","title":{"rendered":"O n\u00e1s"},"content":{"rendered":"\n<p class=\"has-text-align-center\"><strong>Jak se tak stane z\u00a0oby\u010dejn\u00e9ho chl\u00edva ubytov\u00e1n\u00ed pro hosty ?<\/strong><\/p>\n\n\n\n<p class=\"has-text-align-center\">\u2026to se stane tak, \u017ee se do bar\u00e1ku nast\u011bhuje nov\u00e1 \u017eensk\u00e1 a za\u010dne chrlit n\u00e1pady\u2026 \ud83d\ude0a<\/p>\n\n\n\n<p class=\"has-text-align-left\">Z&nbsp;p\u016fvodn\u00ed zem\u011bd\u011blsk\u00e9 usedlosti se postupem \u010dasu stal p\u011bkn\u00fd domek k&nbsp;bydlen\u00ed, stodola se vyu\u017e\u00edv\u00e1 na uskladn\u011bn\u00ed kde \u010deho, hlavn\u011b tedy stavebn\u00edho materi\u00e1lu a n\u00e1\u0159ad\u00ed, pon\u011bvad\u017e majitel domu je podnikatel\/stavitel. A pak je tady tak\u00e9 b\u00fdval\u00fd chl\u00e9v, kde se v&nbsp;pr\u016fb\u011bhu \u010dasu vyst\u0159\u00eddali kon\u011b, prasata, kr\u00e1l\u00edci a nakonec tam z\u016fstali u\u017e jenom slepi\u010dky a na p\u016fd\u011b hromady sena. A proto\u017ee se pan majitel pomalu bl\u00ed\u017e\u00ed d\u016fchodov\u00e9mu v\u011bku a letit\u00e1 fyzicky n\u00e1ro\u010dn\u00e1 pr\u00e1ce u\u017e ho trochu zm\u00e1h\u00e1, p\u0159em\u00fd\u0161leli jsme nad jinou mo\u017enost\u00ed v\u00fdd\u011blku a tak\u00e9 zaji\u0161t\u011bn\u00edm na d\u016fchod. A tak se zrodil n\u00e1pad vyu\u017e\u00edt potenci\u00e1l hospod\u00e1\u0159sk\u00fdch staven\u00ed a vybudovat alespo\u0148 p\u00e1r pokoj\u016f k&nbsp;pron\u00e1jmu. A tak jsme na ja\u0159e 2023 p\u0159est\u011bhovali slepi\u010dky, p\u016fdu vypul\u00edrovali a za\u010dali stav\u011bt\u2026.rok pot\u00e9 m\u00e1me ubytov\u00e1n\u00ed hotov\u00e9. Pokoje se n\u00e1m tam ve\u0161li 3 a k&nbsp;nim je\u0161t\u011b spole\u010dn\u00e1 kuchy\u0148ka. V\u0161echny stavebn\u00ed pr\u00e1ce si majitel d\u011blal s\u00e1m a to za neust\u00e1l\u00fdch p\u0159ipom\u00ednek sv\u00e9 \u017eeny, jak by to \u0161lo l\u00e9pe, kr\u00e1sn\u011bji a \u2026dr\u00e1\u017e \ud83d\ude0a A d\u00edky t\u00e9to jedine\u010dn\u00e9 spolupr\u00e1ci vzniklo toto b\u00e1je\u010dn\u00e9 ubytov\u00e1n\u00ed s&nbsp;kouzlem venkova, romantiky a harmonie\u2026\u2026.<\/p>\n\n\n\n<p class=\"has-text-align-center\">\u2026.A pro\u010d n\u00e1zev U d\u011bdka ?&#8230;.proto\u017ee se majitel stal od zrodu n\u00e1padu do kone\u010dn\u00e9 realizace dvakr\u00e1t d\u011bdkem\u2026\ud83d\ude0a<\/p>\n\n\n\n<p class=\"has-text-align-center\"><\/p>\n\n\n\n<p><\/p>\n\n\n\n<p><\/p>\n","protected":false},"excerpt":{"rendered":"<p>Jak se tak stane z\u00a0oby\u010dejn\u00e9ho chl\u00edva ubytov\u00e1n\u00ed pro hosty ? \u2026to se stane tak, \u017ee se do bar\u00e1ku nast\u011bhuje nov\u00e1 \u017eensk\u00e1 a za\u010dne chrlit n\u00e1pady\u2026 \ud83d\ude0a Z&nbsp;p\u016fvodn\u00ed zem\u011bd\u011blsk\u00e9 usedlosti se postupem \u010dasu stal p\u011bkn\u00fd domek k&nbsp;bydlen\u00ed, stodola se vyu\u017e\u00edv\u00e1 na uskladn\u011bn\u00ed kde \u010deho, hlavn\u011b tedy stavebn\u00edho materi\u00e1lu a n\u00e1\u0159ad\u00ed, pon\u011bvad\u017e majitel domu je podnikatel\/stavitel. A [&hellip;]<\/p>\n","protected":false},"author":1,"featured_media":0,"parent":0,"menu_order":0,"comment_status":"closed","ping_status":"closed","template":"","meta":{"footnotes":""},"class_list":["post-71","page","type-page","status-publish","hentry"],"_links":{"self":[{"href":"https:\/\/ubytkoudedka.cz\/index.php?rest_route=\/wp\/v2\/pages\/71","targetHints":{"allow":["GET"]}}],"collection":[{"href":"https:\/\/ubytkoudedka.cz\/index.php?rest_route=\/wp\/v2\/pages"}],"about":[{"href":"https:\/\/ubytkoudedka.cz\/index.php?rest_route=\/wp\/v2\/types\/page"}],"author":[{"embeddable":true,"href":"https:\/\/ubytkoudedka.cz\/index.php?rest_route=\/wp\/v2\/users\/1"}],"replies":[{"embeddable":true,"href":"https:\/\/ubytkoudedka.cz\/index.php?rest_route=%2Fwp%2Fv2%2Fcomments&post=71"}],"version-history":[{"count":4,"href":"https:\/\/ubytkoudedka.cz\/index.php?rest_route=\/wp\/v2\/pages\/71\/revisions"}],"predecessor-version":[{"id":85,"href":"https:\/\/ubytkoudedka.cz\/index.php?rest_route=\/wp\/v2\/pages\/71\/revisions\/85"}],"wp:attachment":[{"href":"https:\/\/ubytkoudedka.cz\/index.php?rest_route=%2Fwp%2Fv2%2Fmedia&parent=71"}],"curies":[{"name":"wp","href":"https:\/\/api.w.org\/{rel}","templated":true}]}}