{"id":6,"date":"2023-12-18T19:16:55","date_gmt":"2023-12-18T18:16:55","guid":{"rendered":"https:\/\/ubytkoudedka.cz\/?page_id=6"},"modified":"2026-02-19T19:27:09","modified_gmt":"2026-02-19T18:27:09","slug":"ubytko-u-dedka","status":"publish","type":"page","link":"https:\/\/ubytkoudedka.cz\/","title":{"rendered":"Ubytko u D\u011bdka"},"content":{"rendered":"\n<h1 class=\"wp-block-heading has-text-align-center has-x-large-font-size\"><br>Komfortn\u011b<br>v p\u0159\u00edrod\u011b<\/h1>\n\n\n\n<div class=\"wp-block-group alignfull has-global-padding is-layout-constrained wp-container-core-group-is-layout-490fa1db wp-block-group-is-layout-constrained\" style=\"padding-top:var(--wp--preset--spacing--50);padding-right:var(--wp--preset--spacing--50);padding-bottom:var(--wp--preset--spacing--50);padding-left:var(--wp--preset--spacing--50)\">\n<div class=\"wp-block-group has-global-padding is-layout-constrained wp-container-core-group-is-layout-650790e1 wp-block-group-is-layout-constrained\">\n<div style=\"height:1.25rem\" aria-hidden=\"true\" class=\"wp-block-spacer\"><\/div>\n\n\n\n<p class=\"has-text-align-center\">Ubytov\u00e1n\u00ed v n\u00e1ru\u010d\u00ed p\u0159\u00edrody, kde se spojuje kr\u00e1sa okoln\u00edho prost\u0159ed\u00ed<br>s pohodl\u00edm, aby v\u00e1\u0161 pobyt byl nejen relaxa\u010dn\u00ed,<br>ale tak\u00e9 nezapomenuteln\u00fd.<\/p>\n\n\n\n<div style=\"height:1.25rem\" aria-hidden=\"true\" class=\"wp-block-spacer\"><\/div>\n\n\n\n<div class=\"wp-block-buttons is-content-justification-center is-layout-flex wp-container-core-buttons-is-layout-a89b3969 wp-block-buttons-is-layout-flex\"><\/div>\n<\/div>\n\n\n\n<div class=\"wp-block-buttons is-layout-flex wp-block-buttons-is-layout-flex\"><\/div>\n\n\n\n<div style=\"height:var(--wp--preset--spacing--30)\" aria-hidden=\"true\" class=\"wp-block-spacer\"><\/div>\n<\/div>\n\n\n\n<div class=\"wp-block-group alignfull has-base-2-background-color has-background has-global-padding is-layout-constrained wp-container-core-group-is-layout-669513ed wp-block-group-is-layout-constrained\" style=\"margin-top:0;margin-bottom:0;padding-top:var(--wp--preset--spacing--50);padding-right:var(--wp--preset--spacing--50);padding-bottom:var(--wp--preset--spacing--50);padding-left:var(--wp--preset--spacing--50)\">\n<div class=\"wp-block-group is-vertical is-content-justification-center is-layout-flex wp-container-core-group-is-layout-52b864f0 wp-block-group-is-layout-flex\">\n<h2 class=\"wp-block-heading has-text-align-center is-style-asterisk\">Cen\u00edk<\/h2>\n\n\n\n<div style=\"height:0px\" aria-hidden=\"true\" class=\"wp-block-spacer wp-container-content-4f2ccadb\"><\/div>\n<\/div>\n\n\n\n<div style=\"margin-top:0;margin-bottom:0;height:var(--wp--preset--spacing--40)\" aria-hidden=\"true\" class=\"wp-block-spacer\"><\/div>\n\n\n\n<div class=\"wp-block-columns alignwide is-layout-flex wp-container-core-columns-is-layout-d0bbbce0 wp-block-columns-is-layout-flex\">\n<div class=\"wp-block-column is-layout-flow wp-container-core-column-is-layout-e3d1c41b wp-block-column-is-layout-flow\">\n<h3 class=\"wp-block-heading has-text-align-left is-style-asterisk has-body-font-family has-medium-font-size\" style=\"font-style:normal;font-weight:600\">Pokoj \u010d1<\/h3>\n\n\n\n<p>Man\u017eelsk\u00e1 postel, ob\u00fdv\u00e1kov\u00fd kout s&nbsp;rozkl\u00e1dac\u00edm gau\u010dem  TV, Wi-Fi, koupelna.<\/p>\n\n\n\n<p><br>Cena za noc &#8211;  1460,- K\u010d Mo\u017enost p\u0159ist\u00fdlky , cena o 15 % v\u00edce<\/p>\n<\/div>\n\n\n\n<div class=\"wp-block-column is-layout-flow wp-container-core-column-is-layout-e3d1c41b wp-block-column-is-layout-flow\">\n<h3 class=\"wp-block-heading has-text-align-left is-style-asterisk has-body-font-family has-medium-font-size\" style=\"font-style:normal;font-weight:600\">Pokoj \u010d3<\/h3>\n\n\n\n<p>Dv\u011b samostatn\u00e9 postele, rozkl\u00e1dac\u00ed gau\u010d se stolkem , TV, Wi-Fi, koupelna.<br><\/p>\n\n\n\n<p>Cena za noc  &#8211;  1460 K\u010d Mo\u017en\u00e1 p\u0159ist\u00fdlka , cena o 15 % v\u00edce<\/p>\n\n\n\n<p><\/p>\n\n\n\n<p><\/p>\n\n\n\n<p><\/p>\n\n\n\n<p><strong>Pokoj \u010d4 Apartm\u00e1n<\/strong><\/p>\n\n\n\n<p>\u010cty\u0159i samostatn\u00e9 postele ,nebo dv\u011b jako man\u017eelsk\u00e9, TV, Wi-Fi, koupelna. kuchy\u0148sk\u00fd kout s lednic\u00ed, mikrovlnou trobou,konvic\u00ed, horkovzduch frit\u00e9za , St\u016fl a \u017eidle <br><\/p>\n\n\n\n<p>Cena za noc &#8211; 2500 k\u010d Bez mo\u017enosti p\u0159ist\u00fdlky<\/p>\n<\/div>\n\n\n\n<div class=\"wp-block-column is-layout-flow wp-container-core-column-is-layout-e3d1c41b wp-block-column-is-layout-flow\">\n<h3 class=\"wp-block-heading has-text-align-left is-style-asterisk has-body-font-family has-medium-font-size\" style=\"font-style:normal;font-weight:600\">Pokoj \u010d2<\/h3>\n\n\n\n<p>Dv\u011b samostatn\u00e9 postele, k\u0159es\u00edlka a stolek, TV, Wi-Fi, koupelna. Bez p\u0159ist\u00fdlky<br><br>Cena za noc 1360 k\u010d<\/p>\n<\/div>\n<\/div>\n\n\n\n<div class=\"wp-block-columns alignwide is-layout-flex wp-container-core-columns-is-layout-d0bbbce0 wp-block-columns-is-layout-flex\">\n<div class=\"wp-block-column is-layout-flow wp-container-core-column-is-layout-e3d1c41b wp-block-column-is-layout-flow\">\n<p>K dispozici venkovn\u00ed posezen\u00ed na terase , travnat\u00fd koutek k op\u00e9k\u00e1n\u00ed bu\u0159t\u016f a na hran\u00ed pro d\u011bti<\/p>\n\n\n\n<p><strong>Pro hosty je k&nbsp;dispozici spole\u010dn\u00e1 kuchy\u0148ka vybaven\u00e1 lednic\u00ed a z\u00e1kladn\u00edm n\u00e1dob\u00edm.<\/strong><\/p>\n\n\n\n<p class=\"has-text-align-left\">V\u0161echny postele je mo\u017eno upravit jako samostatn\u00e9 nebo man\u017eelskou postel. Mimo pokoje \u010d1<\/p>\n\n\n\n<p class=\"has-text-align-left\">Rezervovat ubytov\u00e1n\u00ed je mo\u017eno p\u0159es rezerva\u010dn\u00ed syst\u00e9m Booking .com,nebo telefonicky na dole uveden\u00e1 \u010d\u00edsla<\/p>\n<\/div>\n<\/div>\n<\/div>\n\n\n\n<div class=\"wp-block-group alignfull has-global-padding is-layout-constrained wp-container-core-group-is-layout-d89aad35 wp-block-group-is-layout-constrained\" style=\"margin-top:0;margin-bottom:0;padding-top:var(--wp--preset--spacing--50);padding-right:var(--wp--preset--spacing--50);padding-bottom:var(--wp--preset--spacing--50);padding-left:var(--wp--preset--spacing--50)\">\n<div class=\"wp-block-group alignwide has-global-padding is-layout-constrained wp-container-core-group-is-layout-19e250f3 wp-block-group-is-layout-constrained\">\n<div class=\"wp-block-group is-vertical is-content-justification-center is-layout-flex wp-container-core-group-is-layout-6329a8f3 wp-block-group-is-layout-flex\">\n<h2 class=\"wp-block-heading has-text-align-center is-style-asterisk\">A kam na v\u00fdlet?<\/h2>\n\n\n\n<p class=\"has-text-align-center\"><strong>B\u00edl\u00e9 Poli\u010dany jsou st\u0159edobodem par\u00e1dn\u00edho v\u00fdletn\u00edho vesm\u00edru.<\/strong><\/p>\n<\/div>\n\n\n\n<div style=\"height:var(--wp--preset--spacing--40)\" aria-hidden=\"true\" class=\"wp-block-spacer\"><\/div>\n\n\n\n<div class=\"wp-block-columns alignwide is-layout-flex wp-container-core-columns-is-layout-d1c656ed wp-block-columns-is-layout-flex\">\n<div class=\"wp-block-column is-vertically-aligned-center is-layout-flow wp-block-column-is-layout-flow\" style=\"flex-basis:40%\">\n<p>do 15 km<\/p>\n\n\n\n<ul style=\"line-height:1.75\" class=\"wp-block-list is-style-checkmark-list\">\n<li><strong>Dv\u016fr Kr\u00e1lov\u00e9 nad Labem<\/strong> se spoustou zaj\u00edmav\u00fdch tip\u016f \u2013 ZOO, Muzeum drah\u00fdch kamen\u016f, V\u00fdrobna v\u00e1no\u010dn\u00edch ozdob\u2026..<\/li>\n\n\n\n<li><strong>Ho\u0159ice<\/strong> \u2013 Ho\u0159ick\u00e9 trubi\u010dky, Milet\u00ednsk\u00e9 modlitbi\u010dky, p\u00edskovcov\u00fd lom pln\u00fd socha\u0159sk\u00fdch d\u011bl, socha\u0159sk\u00fd park, rozhledna a mnoho dal\u0161\u00edho<\/li>\n\n\n\n<li><strong>Ji\u010d\u00edn<\/strong> &#8212; M\u011bsto poh\u00e1dek ,sk\u00e1ly, Z\u00e1mek z draky<\/li>\n<\/ul>\n<\/div>\n\n\n\n<div class=\"wp-block-column is-layout-flow wp-block-column-is-layout-flow\" style=\"flex-basis:50%\">\n<figure class=\"wp-block-image size-large is-style-rounded is-style-rounded--1\"><img loading=\"lazy\" decoding=\"async\" width=\"1024\" height=\"575\" src=\"https:\/\/ubytkoudedka.cz\/wp-content\/uploads\/2023\/12\/DJI_0062-copy-1024x575.jpg\" alt=\"\" class=\"wp-image-17\" srcset=\"https:\/\/ubytkoudedka.cz\/wp-content\/uploads\/2023\/12\/DJI_0062-copy-1024x575.jpg 1024w, https:\/\/ubytkoudedka.cz\/wp-content\/uploads\/2023\/12\/DJI_0062-copy-300x169.jpg 300w, https:\/\/ubytkoudedka.cz\/wp-content\/uploads\/2023\/12\/DJI_0062-copy-768x432.jpg 768w, https:\/\/ubytkoudedka.cz\/wp-content\/uploads\/2023\/12\/DJI_0062-copy-1536x863.jpg 1536w, https:\/\/ubytkoudedka.cz\/wp-content\/uploads\/2023\/12\/DJI_0062-copy.jpg 2000w\" sizes=\"auto, (max-width: 1024px) 100vw, 1024px\" \/><\/figure>\n<\/div>\n<\/div>\n\n\n\n<div style=\"height:var(--wp--preset--spacing--40)\" aria-hidden=\"true\" class=\"wp-block-spacer\"><\/div>\n\n\n\n<div class=\"wp-block-columns alignwide is-layout-flex wp-container-core-columns-is-layout-d1c656ed wp-block-columns-is-layout-flex\">\n<div class=\"wp-block-column is-layout-flow wp-block-column-is-layout-flow\" style=\"flex-basis:50%\">\n<figure class=\"wp-block-image size-full is-resized is-style-rounded is-style-rounded--2\"><img decoding=\"async\" src=\"https:\/\/ubytkoudedka.cz\/wp-content\/uploads\/2023\/12\/16845208-98cc4f.jpg\" alt=\"\" class=\"wp-image-20\" style=\"width:541px;height:auto\"\/><\/figure>\n<\/div>\n\n\n\n<div class=\"wp-block-column is-vertically-aligned-center is-layout-flow wp-block-column-is-layout-flow\" style=\"flex-basis:40%\">\n<p>do 20 km<\/p>\n\n\n\n<ul style=\"line-height:1.75\" class=\"wp-block-list is-style-checkmark-list\">\n<li><strong>Kuks<\/strong> \u2013 Hospital Kuks, Braun\u016fv Betl\u00e9m<\/li>\n\n\n\n<li><strong>Jarom\u011b\u0159, Josefov<\/strong> \u2013 pevnost Josefov, muzeum \u017eelezni\u010dn\u00ed v\u00fdtopna, Muzeum magie<\/li>\n\n\n\n<li><strong>Jarom\u011b\u0159, Josefov<\/strong> \u2013 pevnost Josefov, muzeum \u017eelezni\u010dn\u00ed v\u00fdtopna, Muzeum magie<\/li>\n\n\n\n<li><strong>V\u0161estary<\/strong> \u2013 Archeopark<\/li>\n<\/ul>\n\n\n\n<div class=\"wp-block-group is-vertical is-layout-flex wp-container-core-group-is-layout-fe9cc265 wp-block-group-is-layout-flex\">\n<p>do 30 km<\/p>\n\n\n\n<ul style=\"line-height:1.75\" class=\"wp-block-list is-style-checkmark-list\">\n<li><strong>Hradec Kr\u00e1lov\u00e9<\/strong> \u2013 Ob\u0159\u00ed akv\u00e1rium, st\u0159edov\u011bk\u00e1 tvrz pro d\u011bti, Koupali\u0161t\u011b Flo\u0161na, Muzeum v\u00fdchodn\u00edch \u010cech, Hv\u011bzd\u00e1rna, Ob\u0159\u00ed trampol\u00edny, kino CineStar a mnoho dal\u0161\u00edch aktivit (kina, divadla, sportovi\u0161t\u011b, saunov\u00e9 r\u00e1je a zahrady, koupali\u0161t\u011b\u2026)<\/li>\n<\/ul>\n<\/div>\n<\/div>\n<\/div>\n<\/div>\n\n\n\n<h2 class=\"wp-block-heading has-text-align-center is-style-asterisk\"><\/h2>\n<\/div>\n\n\n\n<div class=\"wp-block-group alignfull has-base-2-background-color has-background has-global-padding is-layout-constrained wp-container-core-group-is-layout-669513ed wp-block-group-is-layout-constrained\" style=\"margin-top:0;margin-bottom:0;padding-top:var(--wp--preset--spacing--50);padding-right:var(--wp--preset--spacing--50);padding-bottom:var(--wp--preset--spacing--50);padding-left:var(--wp--preset--spacing--50)\">\n<div style=\"margin-top:0;margin-bottom:0;height:var(--wp--preset--spacing--40)\" aria-hidden=\"true\" class=\"wp-block-spacer\"><\/div>\n\n\n\n<div class=\"wp-block-columns alignwide is-layout-flex wp-container-core-columns-is-layout-d0bbbce0 wp-block-columns-is-layout-flex\">\n<div class=\"wp-block-column is-layout-flow wp-container-core-column-is-layout-e3d1c41b wp-block-column-is-layout-flow\">\n<h3 class=\"wp-block-heading has-text-align-left is-style-asterisk has-body-font-family has-medium-font-size\" style=\"font-style:normal;font-weight:600\">Rezervace a dotazy k ubytov\u00e1n\u00ed:<br><br><\/h3>\n\n\n\n<p class=\"has-text-align-left\">Michal Hrn\u010d\u00ed\u0159 Tel.604 301 939<\/p>\n\n\n\n<p><\/p>\n<\/div>\n\n\n\n<div class=\"wp-block-column is-layout-flow wp-container-core-column-is-layout-e3d1c41b wp-block-column-is-layout-flow\">\n<h3 class=\"wp-block-heading has-text-align-left is-style-asterisk has-body-font-family has-medium-font-size\" style=\"font-style:normal;font-weight:600\">Faktura\u010dn\u00ed \u00fadaje:<br><\/h3>\n\n\n\n<p>Michal Hrn\u010d\u00ed\u0159<br>B\u00edl\u00e9 Poli\u010dany 62, 544 52<br>I\u010cO: 63227801<br>DI\u010c: CZ6805300766<br>Bankovn\u00ed spojen\u00ed: 104061393\/0300<\/p>\n\n\n\n<p><\/p>\n<\/div>\n\n\n\n<div class=\"wp-block-column is-layout-flow wp-container-core-column-is-layout-e3d1c41b wp-block-column-is-layout-flow\">\n<h3 class=\"wp-block-heading has-text-align-left is-style-asterisk has-body-font-family has-medium-font-size\" style=\"font-style:normal;font-weight:600\"><\/h3>\n\n\n\n<p><\/p>\n\n\n\n<p><\/p>\n<\/div>\n<\/div>\n\n\n\n<div style=\"height:var(--wp--preset--spacing--20)\" aria-hidden=\"true\" class=\"wp-block-spacer\"><\/div>\n\n\n\n<div class=\"wp-block-columns alignwide is-layout-flex wp-container-core-columns-is-layout-d0bbbce0 wp-block-columns-is-layout-flex\"><\/div>\n<\/div>\n\n\n\n<div class=\"wp-block-group alignfull has-global-padding is-layout-constrained wp-container-core-group-is-layout-d89aad35 wp-block-group-is-layout-constrained\" style=\"margin-top:0;margin-bottom:0;padding-top:var(--wp--preset--spacing--50);padding-right:var(--wp--preset--spacing--50);padding-bottom:var(--wp--preset--spacing--50);padding-left:var(--wp--preset--spacing--50)\">\n<div class=\"wp-block-group alignwide has-global-padding is-layout-constrained wp-block-group-is-layout-constrained\">\n<div class=\"wp-block-query alignwide is-layout-flow wp-block-query-is-layout-flow\"><ul class=\"wp-block-post-template is-layout-flow wp-block-post-template-is-layout-flow\"><li class=\"wp-block-post post-1 post type-post status-publish format-standard hentry category-nezarazene\">\n\n<hr class=\"wp-block-separator has-text-color has-contrast-3-color has-alpha-channel-opacity has-contrast-3-background-color has-background alignwide is-style-wide\"\/>\n\n<\/li><\/ul>\n\n\n<div style=\"height:var(--wp--preset--spacing--30)\" aria-hidden=\"true\" class=\"wp-block-spacer\"><\/div>\n\n\n\n\n<\/div>\n<\/div>\n<\/div>\n\n\n\n<div class=\"wp-block-group alignfull has-global-padding is-layout-constrained wp-container-core-group-is-layout-d89aad35 wp-block-group-is-layout-constrained\" style=\"margin-top:0;margin-bottom:0;padding-top:var(--wp--preset--spacing--50);padding-right:var(--wp--preset--spacing--50);padding-bottom:var(--wp--preset--spacing--50);padding-left:var(--wp--preset--spacing--50)\"><\/div>\n","protected":false},"excerpt":{"rendered":"<p>Komfortn\u011bv p\u0159\u00edrod\u011b Ubytov\u00e1n\u00ed v n\u00e1ru\u010d\u00ed p\u0159\u00edrody, kde se spojuje kr\u00e1sa okoln\u00edho prost\u0159ed\u00eds pohodl\u00edm, aby v\u00e1\u0161 pobyt byl nejen relaxa\u010dn\u00ed,ale tak\u00e9 nezapomenuteln\u00fd. Cen\u00edk Pokoj \u010d1 Man\u017eelsk\u00e1 postel, ob\u00fdv\u00e1kov\u00fd kout s&nbsp;rozkl\u00e1dac\u00edm gau\u010dem TV, Wi-Fi, koupelna. Cena za noc &#8211; 1460,- K\u010d Mo\u017enost p\u0159ist\u00fdlky , cena o 15 % v\u00edce Pokoj \u010d3 Dv\u011b samostatn\u00e9 postele, rozkl\u00e1dac\u00ed gau\u010d se [&hellip;]<\/p>\n","protected":false},"author":1,"featured_media":0,"parent":0,"menu_order":0,"comment_status":"open","ping_status":"closed","template":"","meta":{"footnotes":""},"class_list":["post-6","page","type-page","status-publish","hentry"],"_links":{"self":[{"href":"https:\/\/ubytkoudedka.cz\/index.php?rest_route=\/wp\/v2\/pages\/6","targetHints":{"allow":["GET"]}}],"collection":[{"href":"https:\/\/ubytkoudedka.cz\/index.php?rest_route=\/wp\/v2\/pages"}],"about":[{"href":"https:\/\/ubytkoudedka.cz\/index.php?rest_route=\/wp\/v2\/types\/page"}],"author":[{"embeddable":true,"href":"https:\/\/ubytkoudedka.cz\/index.php?rest_route=\/wp\/v2\/users\/1"}],"replies":[{"embeddable":true,"href":"https:\/\/ubytkoudedka.cz\/index.php?rest_route=%2Fwp%2Fv2%2Fcomments&post=6"}],"version-history":[{"count":30,"href":"https:\/\/ubytkoudedka.cz\/index.php?rest_route=\/wp\/v2\/pages\/6\/revisions"}],"predecessor-version":[{"id":129,"href":"https:\/\/ubytkoudedka.cz\/index.php?rest_route=\/wp\/v2\/pages\/6\/revisions\/129"}],"wp:attachment":[{"href":"https:\/\/ubytkoudedka.cz\/index.php?rest_route=%2Fwp%2Fv2%2Fmedia&parent=6"}],"curies":[{"name":"wp","href":"https:\/\/api.w.org\/{rel}","templated":true}]}}