{"id":102,"date":"2024-10-20T20:32:07","date_gmt":"2024-10-20T18:32:07","guid":{"rendered":"https:\/\/ubytkoudedka.cz\/?page_id=102"},"modified":"2026-02-19T19:30:47","modified_gmt":"2026-02-19T18:30:47","slug":"kde-nas-najdete","status":"publish","type":"page","link":"https:\/\/ubytkoudedka.cz\/?page_id=102","title":{"rendered":"Kde n\u00e1s najdete"},"content":{"rendered":"\n<p class=\"has-text-align-center\">B\u00edl\u00e9 Poli\u010dany jsou st\u0159edobodem turistick\u00e9ho vesm\u00edru.&nbsp;<br>A\u0165 se rozhl\u00e9dnete kter\u00fdmkoli sm\u011brem, v\u017edy najdete zaj\u00edmav\u00fd tip na v\u00fdlet.<br>Do 30km najdete <a href=\"https:\/\/safaripark.cz\">ZOO Dv\u016fr Kr\u00e1lov\u00e9 n\/L<\/a>, <a href=\"https:\/\/www.ratiborice-babiccinoudoli.cz\" data-type=\"link\" data-id=\"https:\/\/www.ratiborice-babiccinoudoli.cz\">Babi\u010d\u010dino \u00fadol\u00ed<\/a>, <a href=\"https:\/\/archeoparkvsestary.cz\">Archeopark V\u0161estary<\/a>,<br><a href=\"http:\/\/www.obriakvarium.cz\" data-type=\"link\" data-id=\"http:\/\/www.obriakvarium.cz\">Ob\u0159\u00ed akv\u00e1rium<\/a>, <a href=\"https:\/\/www.pevnostjosefov.cz\">Pevnost Josefov<\/a>, <a href=\"https:\/\/infocentrum.horice.org\/o-meste\/pamatky\/koupaliste-dachova\" data-type=\"link\" data-id=\"https:\/\/infocentrum.horice.org\/o-meste\/pamatky\/koupaliste-dachova\">koupali\u0161t\u011b s retro n\u00e1dechem u Ho\u0159ic<\/a> a mnoho dal\u0161\u00edho.<\/p>\n\n\n\n<p class=\"has-text-align-center\">O kousek d\u00e1l se m\u016f\u017eete vypravit do \u010cesk\u00e9ho r\u00e1je, Adr\u0161pachu, zajet do <a href=\"https:\/\/minieuroland.pl\/minieuroland-kladsko-misto-pro-kazdeho\/\" data-type=\"link\" data-id=\"https:\/\/minieuroland.pl\/minieuroland-kladsko-misto-pro-kazdeho\/\">Minieurolandu&nbsp;do Polska<\/a> apod. P\u0159i ubytov\u00e1n\u00ed obdr\u017e\u00edte vy\u010derp\u00e1vaj\u00edc\u00ed informace<br>o mo\u017enostech n\u011bkolikahodinov\u00fdch i celodenn\u00edch v\u00fdlet\u016f.<\/p>\n\n\n\n<p class=\"has-text-align-center\">A nebo se taky m\u016f\u017eete jenom vypravit p\u011b\u0161ky do vedlej\u0161\u00ed vesnice na <a href=\"https:\/\/infocentrum.horice.org\/o-meste\/pamatky\/koupaliste-dachova\" data-type=\"link\" data-id=\"https:\/\/infocentrum.horice.org\/o-meste\/pamatky\/koupaliste-dachova\">ko<\/a><a href=\"https:\/\/mapy.cz\/zakladni?source=firm&amp;id=12991225&amp;x=15.7504470&amp;y=50.3840130&amp;z=16\" data-type=\"link\" data-id=\"https:\/\/mapy.cz\/zakladni?source=firm&amp;id=12991225&amp;x=15.7504470&amp;y=50.3840130&amp;z=16\">up\u00e1lko<\/a><\/p>\n\n\n\n<p class=\"has-text-align-center\"><br>Ve\u010der je mo\u017eno zajed do nedalek\u00e9 obce <a href=\"https:\/\/www.bohanka.cz\/volny-cas\/letni-kino\" data-type=\"link\" data-id=\"https:\/\/www.bohanka.cz\/volny-cas\/letni-kino\">Sk\u00e1la<\/a> a u\u017e\u00edt si retro atmosf\u00e9ru<br>m\u00edstn\u00edho letn\u00edho kina<br>Obec a okol\u00ed \u2013 V\u00edkendov\u00e1 hospoda s\u00a0tepl\u00fdmi ve\u010de\u0159emi, konzum, d\u011btsk\u00e9 h\u0159i\u0161t\u011b, z\u00e1meck\u00fd park<br><br>Lan\u017eov \u2013 cca 2km \u2013 koupali\u0161t\u011b s\u00a0ob\u010derstven\u00edm.<br>Milet\u00edn \u2013 cca 5km \u2013 ve\u010derka, Milet\u00ednsk\u00e9 modlitbi\u010dky<br>Sk\u00e1la \u2013 cca 8 km \u2013 letn\u00ed kino<\/p>\n","protected":false},"excerpt":{"rendered":"<p>B\u00edl\u00e9 Poli\u010dany jsou st\u0159edobodem turistick\u00e9ho vesm\u00edru.&nbsp;A\u0165 se rozhl\u00e9dnete kter\u00fdmkoli sm\u011brem, v\u017edy najdete zaj\u00edmav\u00fd tip na v\u00fdlet.Do 30km najdete ZOO Dv\u016fr Kr\u00e1lov\u00e9 n\/L, Babi\u010d\u010dino \u00fadol\u00ed, Archeopark V\u0161estary,Ob\u0159\u00ed akv\u00e1rium, Pevnost Josefov, koupali\u0161t\u011b s retro n\u00e1dechem u Ho\u0159ic a mnoho dal\u0161\u00edho. O kousek d\u00e1l se m\u016f\u017eete vypravit do \u010cesk\u00e9ho r\u00e1je, Adr\u0161pachu, zajet do Minieurolandu&nbsp;do Polska apod. P\u0159i ubytov\u00e1n\u00ed [&hellip;]<\/p>\n","protected":false},"author":1,"featured_media":0,"parent":71,"menu_order":0,"comment_status":"closed","ping_status":"closed","template":"","meta":{"footnotes":""},"class_list":["post-102","page","type-page","status-publish","hentry"],"_links":{"self":[{"href":"https:\/\/ubytkoudedka.cz\/index.php?rest_route=\/wp\/v2\/pages\/102","targetHints":{"allow":["GET"]}}],"collection":[{"href":"https:\/\/ubytkoudedka.cz\/index.php?rest_route=\/wp\/v2\/pages"}],"about":[{"href":"https:\/\/ubytkoudedka.cz\/index.php?rest_route=\/wp\/v2\/types\/page"}],"author":[{"embeddable":true,"href":"https:\/\/ubytkoudedka.cz\/index.php?rest_route=\/wp\/v2\/users\/1"}],"replies":[{"embeddable":true,"href":"https:\/\/ubytkoudedka.cz\/index.php?rest_route=%2Fwp%2Fv2%2Fcomments&post=102"}],"version-history":[{"count":3,"href":"https:\/\/ubytkoudedka.cz\/index.php?rest_route=\/wp\/v2\/pages\/102\/revisions"}],"predecessor-version":[{"id":130,"href":"https:\/\/ubytkoudedka.cz\/index.php?rest_route=\/wp\/v2\/pages\/102\/revisions\/130"}],"up":[{"embeddable":true,"href":"https:\/\/ubytkoudedka.cz\/index.php?rest_route=\/wp\/v2\/pages\/71"}],"wp:attachment":[{"href":"https:\/\/ubytkoudedka.cz\/index.php?rest_route=%2Fwp%2Fv2%2Fmedia&parent=102"}],"curies":[{"name":"wp","href":"https:\/\/api.w.org\/{rel}","templated":true}]}}